{"id":357,"date":"2024-11-04T23:38:26","date_gmt":"2024-11-04T23:38:26","guid":{"rendered":"http:\/\/ridenm.dgf.nm.gov\/es\/?page_id=357"},"modified":"2024-11-04T23:44:37","modified_gmt":"2024-11-04T23:44:37","slug":"etica-de-los-ohv","status":"publish","type":"page","link":"https:\/\/ridenm.dgf.nm.gov\/es\/etica-de-los-ohv\/","title":{"rendered":"OHV \u00c9tica"},"content":{"rendered":"\n[et_pb_section fb_built=&#8221;1&#8243; _builder_version=&#8221;4.27.0&#8243; _module_preset=&#8221;default&#8221; custom_margin=&#8221;0px||0px||false|false&#8221; custom_padding=&#8221;0px||0px||false|false&#8221; global_colors_info=&#8221;{}&#8221; theme_builder_area=&#8221;post_content&#8221;][et_pb_row _builder_version=&#8221;4.27.0&#8243; _module_preset=&#8221;default&#8221; custom_margin=&#8221;0px||0px||false|false&#8221; custom_padding=&#8221;0px||0px||false|false&#8221; global_colors_info=&#8221;{}&#8221; theme_builder_area=&#8221;post_content&#8221;][et_pb_column type=&#8221;4_4&#8243; _builder_version=&#8221;4.27.0&#8243; _module_preset=&#8221;default&#8221; global_colors_info=&#8221;{}&#8221; theme_builder_area=&#8221;post_content&#8221;][revslider_divi revslider_divi=&#8221;%91rev_slider alias=%22ride-1%22 slidertitle=%22Ride ES%22%93%91\/rev_slider%93&#8243; _builder_version=&#8221;4.27.0&#8243; _module_preset=&#8221;default&#8221; global_colors_info=&#8221;{}&#8221; theme_builder_area=&#8221;post_content&#8221;][\/revslider_divi][\/et_pb_column][\/et_pb_row][\/et_pb_section][et_pb_section fb_built=&#8221;1&#8243; _builder_version=&#8221;4.27.0&#8243; _module_preset=&#8221;default&#8221; global_colors_info=&#8221;{}&#8221; theme_builder_area=&#8221;post_content&#8221;][et_pb_row _builder_version=&#8221;4.27.0&#8243; _module_preset=&#8221;default&#8221; global_colors_info=&#8221;{}&#8221; theme_builder_area=&#8221;post_content&#8221;][et_pb_column type=&#8221;4_4&#8243; _builder_version=&#8221;4.27.0&#8243; _module_preset=&#8221;default&#8221; global_colors_info=&#8221;{}&#8221; theme_builder_area=&#8221;post_content&#8221;][et_pb_text _builder_version=&#8221;4.27.2&#8243; _module_preset=&#8221;default&#8221; hover_enabled=&#8221;0&#8243; global_colors_info=&#8221;{}&#8221; theme_builder_area=&#8221;post_content&#8221; sticky_enabled=&#8221;0&#8243;]<h3 style=\"text-align: center;\"><span>DECLARACI\u00d3N DE MISI\u00d3N<\/span><\/h3>[\/et_pb_text][et_pb_text _builder_version=&#8221;4.27.2&#8243; _module_preset=&#8221;default&#8221; hover_enabled=&#8221;0&#8243; global_colors_info=&#8221;{}&#8221; theme_builder_area=&#8221;post_content&#8221; sticky_enabled=&#8221;0&#8243;]<p>El Departamento fomenta el uso responsable de nuestros terrenos p\u00fablicos: un uso que deje la tierra sana y sin da\u00f1ar; que proteja nuestros usos tradicionales, costumbres y cultura, la vida silvestre y el h\u00e1bitat de la vida silvestre; y permita el disfrute continuo de estas tierras para nuestras familias y las generaciones futuras. Sea considerado con los dem\u00e1s usuarios de nuestras tierras, incluidos los ganaderos y su ganado, la vida silvestre, los caballistas, los excursionistas y los ciclistas de monta\u00f1a. Utilice el equipo adecuado que lo mantenga a usted y sus hijos lo m\u00e1s seguros posible mientras monta. Respete y obedezca las leyes y normas que se establecen para proteger la preciada tierra y gente de Nuevo M\u00e9xico, y que ayudan a preservar las costumbres y la cultura que est\u00e1n profundamente arraigadas en nuestro estado.<\/p>\n<p>El Departamento de Caza y Pesca de Nuevo M\u00e9xico fomenta el uso recreativo responsable de nuestros terrenos p\u00fablicos para:<\/p>\n<ul>\n<li>Dejar la tierra sana y sin da\u00f1ar.<\/li>\n<li>Proteger nuestras tradiciones, costumbres y cultura.<\/li>\n<li>Preservar la vida silvestre y el h\u00e1bitat.<\/li>\n<li>Permitir el disfrute continuo de estas tierras por parte de nuestras familias y para las generaciones futuras.<\/li>\n<\/ul>[\/et_pb_text][\/et_pb_column][\/et_pb_row][et_pb_row _builder_version=&#8221;4.27.2&#8243; _module_preset=&#8221;default&#8221; theme_builder_area=&#8221;post_content&#8221;][et_pb_column _builder_version=&#8221;4.27.2&#8243; _module_preset=&#8221;default&#8221; type=&#8221;4_4&#8243; theme_builder_area=&#8221;post_content&#8221;][et_pb_text _builder_version=&#8221;4.27.2&#8243; _module_preset=&#8221;default&#8221; theme_builder_area=&#8221;post_content&#8221; hover_enabled=&#8221;0&#8243; sticky_enabled=&#8221;0&#8243;]<h3 style=\"text-align: center;\">\u00a1Conozca las leyes, op\u00e9relos de manera segura y disfrute!<\/h3>[\/et_pb_text][et_pb_text _builder_version=&#8221;4.27.2&#8243; _module_preset=&#8221;default&#8221; theme_builder_area=&#8221;post_content&#8221; hover_enabled=&#8221;0&#8243; sticky_enabled=&#8221;0&#8243;]<p>Las leyes de veh\u00edculos todoterreno (OHV) de Nuevo M\u00e9xico est\u00e1n para garantizar el uso seguro y responsable de los OHV para proteger a todos los ciudadanos. Los OHV incluyen veh\u00edculos todoterreno (ATV), veh\u00edculos todoterreno recreativos (ROV), motocicletas todoterreno y motos de nieve. Todos los OHV deben estar registrados o tener permiso y estar equipados de manera adecuada con un parachispas aprobado por el Servicio Forestal.<\/p>\n<p>Todos los operadores y pasajeros menores de 18 a\u00f1os de edad deben usar un casco aprobado por el Departamento de Transporte (DOT) y gafas o anteojos de seguridad. Los operadores menores de 18 a\u00f1os de edad deben tener un comprobante de haber completado satisfactoriamente un entrenamiento de seguridad sobre el OHV. Cada conductor es responsable de conocer y obedecer las leyes.<\/p>[\/et_pb_text][et_pb_text _builder_version=&#8221;4.27.2&#8243; _module_preset=&#8221;default&#8221; theme_builder_area=&#8221;post_content&#8221; hover_enabled=&#8221;0&#8243; sticky_enabled=&#8221;0&#8243;]<h3 style=\"text-align: center;\"><span>C\u00f3digo de \u00e9tica para OHV de Nuevo M\u00e9xico<\/span><\/h3>[\/et_pb_text][et_pb_text _builder_version=&#8221;4.27.2&#8243; _module_preset=&#8221;default&#8221; theme_builder_area=&#8221;post_content&#8221; hover_enabled=&#8221;0&#8243; sticky_enabled=&#8221;0&#8243;]<ul>\n<li>Obtenga informaci\u00f3n sobre el \u00e1rea que planea recorrer. Antes de realizar el recorrido, comun\u00edquese con los administradores de tierras p\u00fablicas o terratenientes de la propiedad privada para comprender las restricciones del \u00e1rea y solicitar permiso. Obtenga mapas de las \u00e1reas y permanezca en caminos, brechas o \u00e1reas designadas para uso de OHV.<\/li>\n<li>Sea cort\u00e9s en el camino. Conceda el derecho de paso a senderistas y personas que montan a caballo. Si se encuentra con caballos, salga del camino por el lado bajo, detenga el motor, s\u00e1quese el casco y hable con el jinete. Espere hasta que todos los caballos hayan pasado 50 pies m\u00e1s all\u00e1 de donde usted se encuentra antes de volver a arrancar el motor.<\/li>\n<li>Minimice el impacto que el OHV tiene en otros cazadores y pescadores de ca\u00f1a que usan el camino. Respete los cierres de temporada. Evite la operaci\u00f3n durante las horas pico de caza. Si est\u00e1 recuperando un animal de caza deportiva con un OHV, h\u00e1galo al mediod\u00eda para minimizar las perturbaciones a los dem\u00e1s. Cruce corrientes de agua por donde est\u00e1 designado y en un \u00e1ngulo de 90 grados siempre que sea posible.<\/li>\n<li>Deje las puertas y cercas como los encontr\u00f3, y recuerde que es ilegal viajar o cazar en propiedad privada sin el permiso del propietario.<\/li>\n<li>Deje las \u00e1reas m\u00e1s limpias de lo que las encontr\u00f3. Una bolsa de basura de pl\u00e1stico y cuerdas el\u00e1sticas pueden ser \u00fatiles para retirar la basura.<\/li>\n<li>Obedezca los marcadores del camino y los carteles de cierre. Si est\u00e1 cerrado con postes, \u00a1no ingrese al lugar!<\/li>\n<li>Mantenga el OHV en silencio. El sonido excesivo estresa la vida silvestre y molesta a los propietarios y a otros usuarios recreativos. Tambi\u00e9n contribuye a su propia fatiga al conducir. Menos sonido le permite conducir m\u00e1s c\u00f3modamente y permite que otros disfruten de su experiencia al aire libre.<\/li>\n<li>Ac\u00e9rquese lentamente al ganado o la vida silvestre en el camino. A veces, el ganado de campo pasar\u00e1 la tarde bajo la sombra de los \u00e1rboles a lo largo del camino. Si los sobresalta, pueden correr directamente hacia usted. Deles tiempo para reaccionar, deje un espacio lo m\u00e1s amplio posible. Recuerde, es ilegal perseguir o acosar al ganado.<\/li>\n<li>Nunca combine la conducci\u00f3n con el consumo de alcohol o drogas. Es ilegal y peligroso.<\/li>\n<li>\u00a1Familiar\u00edcese con las leyes y los requisitos de Nuevo M\u00e9xico para el uso de un OHV!<\/li>\n<\/ul>[\/et_pb_text][\/et_pb_column][\/et_pb_row][\/et_pb_section]\n","protected":false},"excerpt":{"rendered":"<p><div class=\"et_pb_module revslider_divi revslider_divi_0\">\n\t\t\t\t\n\t\t\t\t\n\t\t\t\t\n\t\t\t\t\n\t\t\t\t\n\t\t\t\t\n\t\t\t\t<div class=\"et_pb_module_inner\">\n\t\t\t\t\t\n\t\t\t\t<p class=\"rs-p-wp-fix\"><\/p>\n\t\t\t\t<sr7-module data-alias=\"ride-1\" data-id=\"6\" id=\"SR7_6_1\" class=\"rs-ov-hidden\" data-version=\"6.7.17\">\n\t\t\t\t\t<sr7-adjuster><\/sr7-adjuster>\n\t\t\t\t\t<sr7-content>\n\t\t\t\t\t\t<sr7-slide id=\"SR7_6_1-11\" data-key=\"11\">\n\t\t\t\t\t\t\t<sr7-txt id=\"SR7_6_1-11-0\" class=\"sr7-layer\">Montar<\/sr7-txt>\n\t\t\t\t\t\t<\/sr7-slide>\n\t\t\t\t\t\t<sr7-slide id=\"SR7_6_1-12\" data-key=\"12\">\n\t\t\t\t\t\t<\/sr7-slide>\n\t\t\t\t\t<\/sr7-content>\n\t\t\t\t<\/sr7-module>\n\t\t\t\t<script>\n\t\t\t\t\tSR7.PMH ??={}; SR7.PMH[\"SR7_6_1\"] = {cn:0,state:false,fn: function() { if (_tpt!==undefined && _tpt.prepareModuleHeight !== undefined) {  _tpt.prepareModuleHeight({id:\"SR7_6_1\",el:[450,450,768,960,720],type:'standard',shdw:'0',gh:[450,450,372,283,175],gw:[1240,1240,1024,778,480],vpt:['100px'],size:{fullWidth:true, fullHeight:false},mh:'0',onh:0,onw:0,bg:{color:'{\"orig\":\"transparent\",\"type\":\"solid\",\"string\":\"transparent\"}'}});   SR7.PMH[\"SR7_6_1\"].state=true;} else if((SR7.PMH[\"SR7_6_1\"].cn++)<100)\tsetTimeout( SR7.PMH[\"SR7_6_1\"].fn,19);}};SR7.PMH[\"SR7_6_1\" ].fn();\n\t\t\t\t<\/script>\n\n\t\t\t\t<\/div>\n\t\t\t<\/div>DECLARACI\u00d3N DE MISI\u00d3NEl Departamento fomenta el uso responsable de nuestros terrenos p\u00fablicos: un uso que deje la tierra sana y sin da\u00f1ar; que proteja nuestros usos tradicionales, costumbres y cultura, la vida silvestre y el h\u00e1bitat de la vida silvestre; y permita el disfrute continuo de estas [&hellip;]<\/p>\n","protected":false},"author":1,"featured_media":0,"parent":0,"menu_order":0,"comment_status":"closed","ping_status":"closed","template":"","meta":{"_et_pb_use_builder":"on","_et_pb_old_content":"","_et_gb_content_width":"","footnotes":""},"class_list":["post-357","page","type-page","status-publish","hentry"],"_links":{"self":[{"href":"https:\/\/ridenm.dgf.nm.gov\/es\/wp-json\/wp\/v2\/pages\/357","targetHints":{"allow":["GET"]}}],"collection":[{"href":"https:\/\/ridenm.dgf.nm.gov\/es\/wp-json\/wp\/v2\/pages"}],"about":[{"href":"https:\/\/ridenm.dgf.nm.gov\/es\/wp-json\/wp\/v2\/types\/page"}],"author":[{"embeddable":true,"href":"https:\/\/ridenm.dgf.nm.gov\/es\/wp-json\/wp\/v2\/users\/1"}],"replies":[{"embeddable":true,"href":"https:\/\/ridenm.dgf.nm.gov\/es\/wp-json\/wp\/v2\/comments?post=357"}],"version-history":[{"count":7,"href":"https:\/\/ridenm.dgf.nm.gov\/es\/wp-json\/wp\/v2\/pages\/357\/revisions"}],"predecessor-version":[{"id":365,"href":"https:\/\/ridenm.dgf.nm.gov\/es\/wp-json\/wp\/v2\/pages\/357\/revisions\/365"}],"wp:attachment":[{"href":"https:\/\/ridenm.dgf.nm.gov\/es\/wp-json\/wp\/v2\/media?parent=357"}],"curies":[{"name":"wp","href":"https:\/\/api.w.org\/{rel}","templated":true}]}}