{"id":332,"date":"2024-11-04T22:31:54","date_gmt":"2024-11-04T22:31:54","guid":{"rendered":"http:\/\/ridenm.dgf.nm.gov\/es\/?page_id=332"},"modified":"2024-11-04T22:33:25","modified_gmt":"2024-11-04T22:33:25","slug":"no-residentes","status":"publish","type":"page","link":"https:\/\/ridenm.dgf.nm.gov\/es\/no-residentes\/","title":{"rendered":"No residentes"},"content":{"rendered":"<p>[et_pb_section fb_built=&#8221;1&#8243; _builder_version=&#8221;4.27.0&#8243; _module_preset=&#8221;default&#8221; custom_margin=&#8221;0px||0px||false|false&#8221; custom_padding=&#8221;0px||0px||false|false&#8221; global_colors_info=&#8221;{}&#8221;][et_pb_row _builder_version=&#8221;4.27.0&#8243; _module_preset=&#8221;default&#8221; custom_margin=&#8221;0px||0px||false|false&#8221; custom_padding=&#8221;0px||0px||false|false&#8221; global_colors_info=&#8221;{}&#8221;][et_pb_column type=&#8221;4_4&#8243; _builder_version=&#8221;4.27.0&#8243; _module_preset=&#8221;default&#8221; global_colors_info=&#8221;{}&#8221;][revslider_divi revslider_divi=&#8221;%91rev_slider alias=%22registration-and-permitting-11%22 slidertitle=%22Registration and Permitting ES%22%93%91\/rev_slider%93&#8243; _builder_version=&#8221;4.27.0&#8243; _module_preset=&#8221;default&#8221; global_colors_info=&#8221;{}&#8221;][\/revslider_divi][\/et_pb_column][\/et_pb_row][\/et_pb_section][et_pb_section fb_built=&#8221;1&#8243; _builder_version=&#8221;4.27.0&#8243; _module_preset=&#8221;default&#8221; global_colors_info=&#8221;{}&#8221;][et_pb_row _builder_version=&#8221;4.27.0&#8243; _module_preset=&#8221;default&#8221; global_colors_info=&#8221;{}&#8221;][et_pb_column type=&#8221;4_4&#8243; _builder_version=&#8221;4.27.0&#8243; _module_preset=&#8221;default&#8221; global_colors_info=&#8221;{}&#8221;][et_pb_text _builder_version=&#8221;4.27.2&#8243; _module_preset=&#8221;default&#8221; global_colors_info=&#8221;{}&#8221;]<\/p>\n<h3 style=\"text-align: center;\"><span>PERMISO DE USO DE TERRENOS P\u00daBLICOS Y PERMISO DE USO DE CARRETERAS PAVIMENTADAS PARA OHV PARA NO RESIDENTES DE NUEVO M\u00c9XICO<\/span><\/h3>\n<p>[\/et_pb_text][et_pb_text _builder_version=&#8221;4.27.2&#8243; _module_preset=&#8221;default&#8221; global_colors_info=&#8221;{}&#8221;]<\/p>\n<p>Los requisitos de registro de OHV para no residentes var\u00edan seg\u00fan el estatus de registro del veh\u00edculo y si se utilizar\u00e1 en terrenos p\u00fablicos o carreteras pavimentadas en Nuevo M\u00e9xico.<\/p>\n<p>[\/et_pb_text][et_pb_image src=&#8221;http:\/\/ridenm.dgf.nm.gov\/es\/wp-content\/uploads\/sites\/3\/2024\/08\/Non-Resident-OHV-Permits.png&#8221; alt=&#8221;NM Non Resident Tag&#8221; title_text=&#8221;Non-Resident-OHV-Permits&#8221; _builder_version=&#8221;4.27.2&#8243; _module_preset=&#8221;default&#8221; global_colors_info=&#8221;{}&#8221;][\/et_pb_image][\/et_pb_column][\/et_pb_row][et_pb_row _builder_version=&#8221;4.27.0&#8243; _module_preset=&#8221;default&#8221; global_colors_info=&#8221;{}&#8221;][et_pb_column type=&#8221;4_4&#8243; _builder_version=&#8221;4.27.0&#8243; _module_preset=&#8221;default&#8221; global_colors_info=&#8221;{}&#8221;][et_pb_text _builder_version=&#8221;4.27.2&#8243; _module_preset=&#8221;default&#8221; hover_enabled=&#8221;0&#8243; global_colors_info=&#8221;{}&#8221; sticky_enabled=&#8221;0&#8243;]<\/p>\n<p>Si un no residente es de un estado que figura a continuaci\u00f3n que no ha establecido un registro o una tarifa de usuario para OHV, entonces el no residente debe comprar el Permiso Para Veh\u00edculos Todoterreno Para No Residentes de Nuevo M\u00e9xico y\/o el Permiso Para Uso de Carreteras Pavimentadas.<\/p>\n<p>Estados sin un programa de registro y sin tarifa de uso:<\/p>\n<ul>\n<li>Alabama<\/li>\n<li>Alaska<\/li>\n<li>Florida<\/li>\n<li>Georgia<\/li>\n<li>Haw\u00e1i<\/li>\n<li>Illinois<\/li>\n<li>Kansas<\/li>\n<li>Kentucky<\/li>\n<li>Misisipi<\/li>\n<li>Nebraska<\/li>\n<li>Carolina del Norte<\/li>\n<li>Carolina del Sur<\/li>\n<li>Dakota del Sur<\/li>\n<li>Tennessee<\/li>\n<li>Virginia<\/li>\n<li>Virginia Occidental<\/li>\n<\/ul>\n<p>TARIFAS DE PERMISO PARA OHV PARA NO RESIDENTES<\/p>\n<ul>\n<li>$48 \u2013 Permiso de dos a\u00f1os<\/li>\n<li>$18 \u2013 Permiso de 90 d\u00edas<\/li>\n<li>$7 \u2013 Permiso para uso en carreteras pavimentadas (permanente)<\/li>\n<\/ul>\n<p>Permisos para no residentes se pueden comprar:<\/p>\n<ul>\n<li>En cualquier oficina del Departamento de Caza y Pesca de Nuevo M\u00e9xico.<\/li>\n<li>Llamando al 505-222-4718.<\/li>\n<li>Visitando <a href=\"onlinesales.wildlife.state.nm.us\">onlinesales.wildlife.state.nm.us<\/a>.<\/li>\n<\/ul>\n<p>*El permiso de dos a\u00f1os debe renovarse cada dos a\u00f1os a partir de la fecha de registro inicial.<br \/>*Los no residentes que tengan prueba de cualquier registro v\u00e1lido de OHV no est\u00e1n obligados a comprar un permiso de Nuevo M\u00e9xico.<\/p>\n<p>[\/et_pb_text][\/et_pb_column][\/et_pb_row][\/et_pb_section]<\/p>\n","protected":false},"excerpt":{"rendered":"<p><div class=\"et_pb_module revslider_divi revslider_divi_0\">\n\t\t\t\t\n\t\t\t\t\n\t\t\t\t\n\t\t\t\t\n\t\t\t\t\n\t\t\t\t\n\t\t\t\t<div class=\"et_pb_module_inner\">\n\t\t\t\t\t\n\t\t\t\t<p class=\"rs-p-wp-fix\"><\/p>\n\t\t\t\t<sr7-module data-alias=\"registration-and-permitting-11\" data-id=\"7\" id=\"SR7_7_1\" class=\"rs-ov-hidden\" data-version=\"6.7.17\">\n\t\t\t\t\t<sr7-adjuster><\/sr7-adjuster>\n\t\t\t\t\t<sr7-content>\n\t\t\t\t\t\t<sr7-slide id=\"SR7_7_1-13\" data-key=\"13\">\n\t\t\t\t\t\t\t<sr7-txt id=\"SR7_7_1-13-0\" class=\"sr7-layer\">Registro y permisos<\/sr7-txt>\n\t\t\t\t\t\t<\/sr7-slide>\n\t\t\t\t\t\t<sr7-slide id=\"SR7_7_1-14\" data-key=\"14\">\n\t\t\t\t\t\t<\/sr7-slide>\n\t\t\t\t\t<\/sr7-content>\n\t\t\t\t<\/sr7-module>\n\t\t\t\t<script>\n\t\t\t\t\tSR7.PMH ??={}; SR7.PMH[\"SR7_7_1\"] = {cn:0,state:false,fn: function() { if (_tpt!==undefined && _tpt.prepareModuleHeight !== undefined) {  _tpt.prepareModuleHeight({id:\"SR7_7_1\",el:[450,450,768,960,720],type:'standard',shdw:'0',gh:[450,450,372,283,175],gw:[1240,1240,1024,778,480],vpt:['100px'],size:{fullWidth:true, fullHeight:false},mh:'0',onh:0,onw:0,bg:{color:'{\"orig\":\"transparent\",\"type\":\"solid\",\"string\":\"transparent\"}'}});   SR7.PMH[\"SR7_7_1\"].state=true;} else if((SR7.PMH[\"SR7_7_1\"].cn++)<100)\tsetTimeout( SR7.PMH[\"SR7_7_1\"].fn,19);}};SR7.PMH[\"SR7_7_1\" ].fn();\n\t\t\t\t<\/script>\n\n\t\t\t\t<\/div>\n\t\t\t<\/div>PERMISO DE USO DE TERRENOS P\u00daBLICOS Y PERMISO DE USO DE CARRETERAS PAVIMENTADAS PARA OHV PARA NO RESIDENTES DE NUEVO M\u00c9XICOLos requisitos de registro de OHV para no residentes var\u00edan seg\u00fan el estatus de registro del veh\u00edculo y si se utilizar\u00e1 en terrenos p\u00fablicos o carreteras [&hellip;]<\/p>\n","protected":false},"author":1,"featured_media":0,"parent":0,"menu_order":0,"comment_status":"closed","ping_status":"closed","template":"","meta":{"_et_pb_use_builder":"on","_et_pb_old_content":"","_et_gb_content_width":"","footnotes":""},"class_list":["post-332","page","type-page","status-publish","hentry"],"_links":{"self":[{"href":"https:\/\/ridenm.dgf.nm.gov\/es\/wp-json\/wp\/v2\/pages\/332","targetHints":{"allow":["GET"]}}],"collection":[{"href":"https:\/\/ridenm.dgf.nm.gov\/es\/wp-json\/wp\/v2\/pages"}],"about":[{"href":"https:\/\/ridenm.dgf.nm.gov\/es\/wp-json\/wp\/v2\/types\/page"}],"author":[{"embeddable":true,"href":"https:\/\/ridenm.dgf.nm.gov\/es\/wp-json\/wp\/v2\/users\/1"}],"replies":[{"embeddable":true,"href":"https:\/\/ridenm.dgf.nm.gov\/es\/wp-json\/wp\/v2\/comments?post=332"}],"version-history":[{"count":5,"href":"https:\/\/ridenm.dgf.nm.gov\/es\/wp-json\/wp\/v2\/pages\/332\/revisions"}],"predecessor-version":[{"id":337,"href":"https:\/\/ridenm.dgf.nm.gov\/es\/wp-json\/wp\/v2\/pages\/332\/revisions\/337"}],"wp:attachment":[{"href":"https:\/\/ridenm.dgf.nm.gov\/es\/wp-json\/wp\/v2\/media?parent=332"}],"curies":[{"name":"wp","href":"https:\/\/api.w.org\/{rel}","templated":true}]}}