{"id":19,"date":"2024-08-08T04:23:36","date_gmt":"2024-08-08T04:23:36","guid":{"rendered":"http:\/\/ridenm.dgf.nm.gov\/es\/?page_id=19"},"modified":"2024-12-27T16:30:41","modified_gmt":"2024-12-27T16:30:41","slug":"ride","status":"publish","type":"page","link":"https:\/\/ridenm.dgf.nm.gov\/es\/ride\/","title":{"rendered":"Ride"},"content":{"rendered":"<p>[et_pb_section fb_built=&#8221;1&#8243; _builder_version=&#8221;4.27.0&#8243; _module_preset=&#8221;default&#8221; custom_margin=&#8221;0px||0px||false|false&#8221; custom_padding=&#8221;0px||0px||false|false&#8221; global_colors_info=&#8221;{}&#8221;][et_pb_row _builder_version=&#8221;4.27.0&#8243; _module_preset=&#8221;default&#8221; custom_margin=&#8221;0px||0px||false|false&#8221; custom_padding=&#8221;0px||0px||false|false&#8221; global_colors_info=&#8221;{}&#8221;][et_pb_column type=&#8221;4_4&#8243; _builder_version=&#8221;4.27.0&#8243; _module_preset=&#8221;default&#8221; global_colors_info=&#8221;{}&#8221;][revslider_divi revslider_divi=&#8221;%91rev_slider alias=%22ride-1%22 slidertitle=%22Ride ES%22%93%91\/rev_slider%93&#8243; _builder_version=&#8221;4.27.0&#8243; _module_preset=&#8221;default&#8221; global_colors_info=&#8221;{}&#8221;][\/revslider_divi][\/et_pb_column][\/et_pb_row][\/et_pb_section][et_pb_section fb_built=&#8221;1&#8243; _builder_version=&#8221;4.27.0&#8243; _module_preset=&#8221;default&#8221; global_colors_info=&#8221;{}&#8221;][et_pb_row _builder_version=&#8221;4.27.0&#8243; _module_preset=&#8221;default&#8221; global_colors_info=&#8221;{}&#8221;][et_pb_column type=&#8221;4_4&#8243; _builder_version=&#8221;4.27.0&#8243; _module_preset=&#8221;default&#8221; global_colors_info=&#8221;{}&#8221;][et_pb_text _builder_version=&#8221;4.27.2&#8243; _module_preset=&#8221;default&#8221; global_colors_info=&#8221;{}&#8221;]<\/p>\n<h3 style=\"text-align: center;\">RESPETAR LA TIERRA<\/h3>\n<p>[\/et_pb_text][et_pb_text _builder_version=&#8221;4.27.2&#8243; _module_preset=&#8221;default&#8221; global_colors_info=&#8221;{}&#8221;]<\/p>\n<p><span>Gran parte de Nuevo M\u00e9xico est\u00e1 designado como tierra p\u00fablica y administrada para usos m\u00faltiples. Con cientos de millas de senderos en el campo, se permite el uso de veh\u00edculos todoterreno cuando se hace de manera responsable y segura. \u00a1Las actividades recreativas nunca han sido m\u00e1s seguras gracias a la Ley de Veh\u00edculos Motorizados Todoterreno de Nuevo M\u00e9xico!<\/span><\/p>\n<p>[\/et_pb_text][\/et_pb_column][\/et_pb_row][\/et_pb_section][et_pb_section fb_built=&#8221;1&#8243; _builder_version=&#8221;4.27.0&#8243; _module_preset=&#8221;default&#8221; background_color=&#8221;#f7f7f7&#8243; global_colors_info=&#8221;{}&#8221;][et_pb_row _builder_version=&#8221;4.27.0&#8243; _module_preset=&#8221;default&#8221; global_colors_info=&#8221;{}&#8221;][et_pb_column type=&#8221;4_4&#8243; _builder_version=&#8221;4.27.0&#8243; _module_preset=&#8221;default&#8221; global_colors_info=&#8221;{}&#8221;][et_pb_text _builder_version=&#8221;4.27.2&#8243; _module_preset=&#8221;default&#8221; global_colors_info=&#8221;{}&#8221;]<\/p>\n<h3 style=\"text-align: center;\">\u00c1reas designadas para OHV en Nuevo M\u00e9xico<\/h3>\n<p><span><strong>Las \u00e1reas marcadas de la A a la N<\/strong> en el mapa indican \u00e1reas designadas para OHV. Otras tierras de la Oficina de Administraci\u00f3n de Tierras (BLM, por sus siglas en ingl\u00e9s) y del Servicio Forestal de los EE. UU. (USFS, por sus siglas en ingl\u00e9s) est\u00e1n abiertas para OHV solo en rutas designadas. Para obtener m\u00e1s informaci\u00f3n sobre \u00e1reas recreativas para OHV, comun\u00edquese con la agencia responsable de manejo de tierras que se indica a continuaci\u00f3n (la direcci\u00f3n mostrada puede ser la ubicaci\u00f3n del \u00e1rea o la oficina de la agencia).<\/span><\/p>\n<p>[\/et_pb_text][\/et_pb_column][\/et_pb_row][et_pb_row column_structure=&#8221;1_2,1_2&#8243; _builder_version=&#8221;4.27.0&#8243; _module_preset=&#8221;default&#8221; global_colors_info=&#8221;{}&#8221;][et_pb_column type=&#8221;1_2&#8243; _builder_version=&#8221;4.27.0&#8243; _module_preset=&#8221;default&#8221; global_colors_info=&#8221;{}&#8221;][et_pb_text _builder_version=&#8221;4.27.2&#8243; _module_preset=&#8221;default&#8221; global_colors_info=&#8221;{}&#8221;]<\/p>\n<p><strong>A<\/strong>: Glade Run OHV Recreation Area<\/p>\n<p><strong>B:<\/strong> Dunes OHV Recreation Area BLM Farmington Field Office 6251 College Blvd. Suite A (agencia), Farmington, NM 87402 (505) 564-7600<\/p>\n<p><strong>C:<\/strong> Gallup Off-Highway Vehicle Park (Red Rocks Motorsports Association); City of Gallup Parks &amp; Recreation Dept.: 139 Hasler Valley (instalaci\u00f3n), Gallup, NM 87301 (505) 870-7278<\/p>\n<p><strong>D:<\/strong> San Ysidro Trials Area (solo motocicletas de prueba) BLM Rio Puerco Field Office. 100 Sun Ave NE Ste 330 (agencia), Albuquerque, NM 87109 (505) 761-8700<\/p>\n<p><strong>E:<\/strong> Montessa Park Off-Road Vehicle Area City of Albuquerque Parks &amp; Recreation Dept.: 3615 Los Picaros Rd SE (instalaci\u00f3n), Albuquerque, NM 87105 (505) 768-5300<\/p>\n<p><strong>F:<\/strong> Johnson (Gordy\u2019s) Hill OHV L Area BLM Socorro Field Office: 901 S Hwy 85 (agencia), Socorro, NM 87801 (575) 835-0512<\/p>\n<p><strong>G:<\/strong> Robledo Mountains OHV Trail System<\/p>\n<p><strong>H:<\/strong> Aden Hills OHV Area<\/p>\n<p><strong>I:<\/strong> Red Sands OHV Area BLM Las Cruces District Office<\/p>\n<p>1800 Marquess St (agencia), Las Cruces, NM 88005 (575) 525-4300<\/p>\n<p><strong>J:<\/strong> Haystack Mountain OHV Area<\/p>\n<p><strong>K:<\/strong> Mescalero Sands North Dune OHV Area BLM Roswell Field Office 2909 W Second St (agencia), Roswell, NM 88201 (575) 627-0272<\/p>\n<p>[\/et_pb_text][\/et_pb_column][et_pb_column type=&#8221;1_2&#8243; _builder_version=&#8221;4.27.0&#8243; _module_preset=&#8221;default&#8221; global_colors_info=&#8221;{}&#8221;][et_pb_image src=&#8221;http:\/\/ridenm.dgf.nm.gov\/es\/wp-content\/uploads\/sites\/3\/2024\/08\/NMDGM-Map-967&#215;1024.png&#8221; title_text=&#8221;NMDGM Map&#8221; _builder_version=&#8221;4.27.0&#8243; _module_preset=&#8221;default&#8221; border_radii=&#8221;on|12px|12px|12px|12px&#8221; box_shadow_style=&#8221;preset1&#8243; global_colors_info=&#8221;{}&#8221;][\/et_pb_image][et_pb_text _builder_version=&#8221;4.27.2&#8243; _module_preset=&#8221;default&#8221; global_colors_info=&#8221;{}&#8221;]<\/p>\n<p><strong>L:<\/strong> Hackberry Lake OHV Recreation Area BLM Carlsbad Field Office<\/p>\n<p>620 E Greene Street (agencia), Carlsbad, NM 88220 (575) 234-5972<\/p>\n<p><strong>M:<\/strong> Manzanita Mountains Trail System (Cedro Peak) Cibola National Forest Sandia Ranger District 11776 NM HWY 337 (agencia), Tijeras, NM 87059 (505) 281-3304<\/p>\n<p><strong>N:<\/strong> La Tierra MX Park City of Santa Fe Parks &amp; Recreation Dept. NM 599 1\u20442 milla al sur del Camino de los Montoyas, Santa Fe, NM 87507 (instalaci\u00f3n) (505) 955-2141<\/p>\n<p>[\/et_pb_text][\/et_pb_column][\/et_pb_row][\/et_pb_section][et_pb_section fb_built=&#8221;1&#8243; _builder_version=&#8221;4.27.0&#8243; _module_preset=&#8221;default&#8221; global_colors_info=&#8221;{}&#8221;][et_pb_row column_structure=&#8221;3_5,2_5&#8243; _builder_version=&#8221;4.27.0&#8243; _module_preset=&#8221;default&#8221; global_colors_info=&#8221;{}&#8221;][et_pb_column type=&#8221;3_5&#8243; _builder_version=&#8221;4.27.0&#8243; _module_preset=&#8221;default&#8221; global_colors_info=&#8221;{}&#8221;][et_pb_text _builder_version=&#8221;4.27.2&#8243; _module_preset=&#8221;default&#8221; global_colors_info=&#8221;{}&#8221;]<\/p>\n<h3 style=\"text-align: center;\">Inf\u00f3rmese antes de salir<\/h3>\n<p>Contacte a las autoridades locales o agencias de manejo de tierras para obtener informaci\u00f3n sobre las normas y condiciones antes de usar su OHV.<\/p>\n<p>Las ubicaciones del 1 al 19 son oficinas locales del BLM, NMDGF o USFS. Contacte a las agencias locales para obtener m\u00e1s informaci\u00f3n.<\/p>\n<p>[\/et_pb_text][\/et_pb_column][et_pb_column type=&#8221;2_5&#8243; _builder_version=&#8221;4.27.0&#8243; _module_preset=&#8221;default&#8221; global_colors_info=&#8221;{}&#8221;][et_pb_image src=&#8221;http:\/\/ridenm.dgf.nm.gov\/es\/wp-content\/uploads\/sites\/3\/2024\/08\/hunters_determine_the_route_map.jpg&#8221; title_text=&#8221;hunters_determine_the_route_map&#8221; _builder_version=&#8221;4.27.0&#8243; _module_preset=&#8221;default&#8221; border_radii=&#8221;on|12px|12px|12px|12px&#8221; box_shadow_style=&#8221;preset1&#8243; global_colors_info=&#8221;{}&#8221;][\/et_pb_image][\/et_pb_column][\/et_pb_row][et_pb_row column_structure=&#8221;1_2,1_2&#8243; _builder_version=&#8221;4.27.0&#8243; _module_preset=&#8221;default&#8221; global_colors_info=&#8221;{}&#8221;][et_pb_column type=&#8221;1_2&#8243; _builder_version=&#8221;4.27.0&#8243; _module_preset=&#8221;default&#8221; global_colors_info=&#8221;{}&#8221;][et_pb_text _builder_version=&#8221;4.27.0&#8243; _module_preset=&#8221;default&#8221; global_colors_info=&#8221;{}&#8221;]<\/p>\n<p><strong>1: BLM Alb.\/Rio Puerco Field Office<br \/><\/strong>100 Sun Avenue NE Suite 330, Albuquerque, NM 87109<br \/><span style=\"font-weight: 400;\">(505) 761-8700<\/span><span style=\"font-weight: 400;\"><br \/><\/span><\/p>\n<p><span style=\"font-weight: 400;\"><strong>2:\u00a0 BLM Farmington Field Office<\/strong><br \/>6251 College Blvd Suite A Farmington, NM 87402<br \/><\/span><span style=\"font-weight: 400;\">(505) 564-7600<\/span><span style=\"font-weight: 400;\"><br \/><\/span><\/p>\n<p><span style=\"font-weight: 400;\"><strong>3:\u00a0 BLM Las Cruces District Office<\/strong><br \/>1800 Marquess St, Las Cruces, NM 88005<br \/><\/span><span style=\"font-weight: 400;\">(575) 525-4300<\/span><\/p>\n<p><span style=\"font-weight: 400;\"><strong>4:\u00a0 BLM Roswell Field Office<\/strong><br \/>2909 W Second St, Roswell, NM 88201<br \/>(575) 627-0272<\/span><span style=\"font-weight: 400;\"><br \/><\/span><\/p>\n<p><span style=\"font-weight: 400;\"><strong>5:\u00a0 BLM Santa Fe State Office<\/strong><br \/>301 Dinosaur Trail, Santa Fe, NM 87508<br \/>(505) 954-200<\/span><span style=\"font-weight: 400;\"><br \/><\/span><\/p>\n<p><span style=\"font-weight: 400;\"><strong>6:\u00a0 BLM Socorro Field Office<\/strong><br \/>901 S Hwy 85, Socorro, NM 87801<br \/>(575) 835-0412<\/span><span style=\"font-weight: 400;\"><br \/><\/span><\/p>\n<p><span style=\"font-weight: 400;\"><strong>7:\u00a0 BLM Carlsbad Field Office<\/strong><br \/>620 E Greene St, Carlsbad, NM 88220<br \/>(575) 234-5972<\/span><span style=\"font-weight: 400;\"><br \/><\/span><\/p>\n<p><span style=\"font-weight: 400;\"><strong>8:\u00a0 NM Game &amp; Fish SE Area Office<\/strong><br \/>1615 West College Blvd., Roswell, NM 87740<br \/>(575) 624-6135\u00a0<\/span><\/p>\n<p><span style=\"font-weight: 400;\"><strong>10: NM Game &amp; Fish SW Area Office<\/strong><br \/>2715 Northrise Drive, Las Cruces, NM 88011<br \/>(575) 532-2100<\/span><\/p>\n<p>[\/et_pb_text][\/et_pb_column][et_pb_column type=&#8221;1_2&#8243; _builder_version=&#8221;4.27.0&#8243; _module_preset=&#8221;default&#8221; global_colors_info=&#8221;{}&#8221;][et_pb_text _builder_version=&#8221;4.27.0&#8243; _module_preset=&#8221;default&#8221; global_colors_info=&#8221;{}&#8221;]<\/p>\n<p><span style=\"font-weight: 400;\"><strong>11: NM Game &amp; Fish NE Area Office<\/strong><br \/>215 Canyon Rd, Raton, NM 87740<br \/>(575) 445-2311<\/span><\/p>\n<p><span style=\"font-weight: 400;\"><strong>12: NM Game &amp; Fish Headquarters<\/strong><br \/>One Wildlife Way, Santa Fe, NM 87507<br \/>1-888-248-6866<\/span><\/p>\n<p><span style=\"font-weight: 400;\"><strong>13: USFS Lincoln National Forest<\/strong><br \/>3463 Las Palomas, Alamogordo, NM 88310<br \/>(575) 434-7200<\/span><\/p>\n<p><span style=\"font-weight: 400;\"><strong>14: USFS Cibola National Forest<\/strong><br \/>2113 Osuna Rd NE, Albuquerque, NM 87113<br \/>(505) 346-2650<\/span><\/p>\n<p><span style=\"font-weight: 400;\"><strong>15: USFS Santa Fe National Forest<\/strong><br \/>11 Forest Ln, Santa Fe, NM 87508<br \/>(505) 438-5300<\/span><\/p>\n<p><span style=\"font-weight: 400;\"><strong>16: USFS Gila National Forest<\/strong><br \/>3005 E Camino del Bosque, Silver City, NM 88061<br \/>(575) 388-8201<\/span><\/p>\n<p><span style=\"font-weight: 400;\"><strong>17: USFS Carson National Forest<\/strong><br \/>208 Cruz Alta Rd, Taos, NM 87571<br \/>(575) 758-6200<\/span><\/p>\n<p><span style=\"font-weight: 400;\"><strong>18: City of Santa Fe Parks &amp; Open Parks <\/strong><br \/>1142 Siler Rd, Santa Fe, NM 87505<br \/>(505) 955-2106<\/span><\/p>\n<p><span style=\"font-weight: 400;\"><strong>19: USFS Cibola National Forest Sandia Ranger District<\/strong><br \/>11776 Hwy. 337, Tijeras, NM 87059<br \/>(505) 281-3304 <\/span><\/p>\n<p>[\/et_pb_text][\/et_pb_column][\/et_pb_row][et_pb_row _builder_version=&#8221;4.27.0&#8243; _module_preset=&#8221;default&#8221; global_colors_info=&#8221;{}&#8221;][et_pb_column type=&#8221;4_4&#8243; _builder_version=&#8221;4.27.0&#8243; _module_preset=&#8221;default&#8221; global_colors_info=&#8221;{}&#8221;][et_pb_text _builder_version=&#8221;4.27.2&#8243; _module_preset=&#8221;default&#8221; global_colors_info=&#8221;{}&#8221;]<\/p>\n<h3 style=\"text-align: center;\"><b><span>INFORMACI\u00d3N SOBRE LAS \u00c1REAS PERMITIDAS PARA OHV DE BLM<\/span><\/b><\/h3>\n<p>[\/et_pb_text][\/et_pb_column][\/et_pb_row][et_pb_row column_structure=&#8221;1_2,1_2&#8243; _builder_version=&#8221;4.27.0&#8243; _module_preset=&#8221;default&#8221; global_colors_info=&#8221;{}&#8221;][et_pb_column type=&#8221;1_2&#8243; _builder_version=&#8221;4.27.0&#8243; _module_preset=&#8221;default&#8221; global_colors_info=&#8221;{}&#8221;][et_pb_text _builder_version=&#8221;4.27.0&#8243; _module_preset=&#8221;default&#8221; global_colors_info=&#8221;{}&#8221;]<\/p>\n<p><b>Carlsbad Field Office<\/b><\/p>\n<p><span style=\"font-weight: 400;\">Hackberry Lake OHV Area<br \/><\/span><a href=\"https:\/\/www.blm.gov\/visit\/hackberry-lake-ohv-area\" target=\"_blank\" rel=\"noopener\"><span style=\"font-weight: 400;\">blm.gov\/visit\/hackberry-lake-ohv-area<\/span><span style=\"font-weight: 400;\"><\/span><\/a><span style=\"font-weight: 400;\"><\/span><span style=\"font-weight: 400;\"><\/span><\/p>\n<p>[\/et_pb_text][et_pb_text _builder_version=&#8221;4.27.4&#8243; _module_preset=&#8221;default&#8221; hover_enabled=&#8221;0&#8243; global_colors_info=&#8221;{}&#8221; sticky_enabled=&#8221;0&#8243;]<\/p>\n<p><b>Farmington Field Office<\/b><\/p>\n<p><span style=\"font-weight: 400;\">Dunes OHV Area\u00a0 <\/span><span style=\"font-weight: 400;\"><br \/><\/span><a href=\"https:\/\/www.blm.gov\/visit\/dunes-ohv-area\" target=\"_blank\" rel=\"noopener\"><span style=\"font-weight: 400;\">blm.gov\/visit\/dunes-ohv-area<\/span><span style=\"font-weight: 400;\"><\/span><\/a><span style=\"font-weight: 400;\"><\/span><\/p>\n<p><span style=\"font-weight: 400;\">Glade Run Recreation Area <\/span><span style=\"font-weight: 400;\"><br \/><\/span><a href=\"https:\/\/blm.gov\/visit\/glade-run\" target=\"_blank\" rel=\"noopener\"><span style=\"font-weight: 400;\">blm.gov\/visit\/glade-run<\/span><\/a><\/p>\n<p>[\/et_pb_text][et_pb_text _builder_version=&#8221;4.27.0&#8243; _module_preset=&#8221;default&#8221; global_colors_info=&#8221;{}&#8221;]<\/p>\n<p><b>Las Cruces Field Office<\/b><\/p>\n<ul>\n<li style=\"font-weight: 400;\" aria-level=\"1\"><span style=\"font-weight: 400;\">Aden Hills OHV Area\u00a0 <\/span><span style=\"font-weight: 400;\"><br \/><\/span><a href=\"https:\/\/www.blm.gov\/visit\/aden-hills-ohv\" target=\"_blank\" rel=\"noopener\"><span style=\"font-weight: 400;\">blm.gov\/visit\/aden-hills-ohv<\/span><\/a><\/li>\n<li style=\"font-weight: 400;\" aria-level=\"1\"><span style=\"font-weight: 400;\">Red Sands OHV Area<br \/><\/span><a href=\"https:\/\/www.blm.gov\/visit\/red-sands-ohv-area\" target=\"_blank\" rel=\"noopener\"><span style=\"font-weight: 400;\">blm.gov\/visit\/red-sands-ohv-area<\/span><\/a><\/li>\n<li style=\"font-weight: 400;\" aria-level=\"1\"><span style=\"font-weight: 400;\">Robledo Mountains OHV Trail System<br \/><\/span><a href=\"https:\/\/www.blm.gov\/visit\/robledo-mountains-ohv-trail-system\" target=\"_blank\" rel=\"noopener\"><span style=\"font-weight: 400;\">blm.gov\/visit\/robledo-mountains-ohv-trail-system<\/span><\/a><\/li>\n<\/ul>\n<p>[\/et_pb_text][\/et_pb_column][et_pb_column type=&#8221;1_2&#8243; _builder_version=&#8221;4.27.0&#8243; _module_preset=&#8221;default&#8221; global_colors_info=&#8221;{}&#8221;][et_pb_text _builder_version=&#8221;4.27.0&#8243; _module_preset=&#8221;default&#8221; global_colors_info=&#8221;{}&#8221;]<\/p>\n<p><b>Rio Puerco Field Office (Albuquerque)<\/b><\/p>\n<ul>\n<li style=\"font-weight: 400;\" aria-level=\"1\"><span style=\"font-weight: 400;\">El Malpais NCA\u00a0 <\/span><span style=\"font-weight: 400;\"><br \/><\/span><a href=\"https:\/\/www.blm.gov\/visit\/el-malpais-nca\" target=\"_blank\" rel=\"noopener\"><span style=\"font-weight: 400;\">blm.gov\/visit\/el-malpais-nca<\/span><\/a><\/li>\n<li style=\"font-weight: 400;\" aria-level=\"1\"><span style=\"font-weight: 400;\">San Ysidro Trials Area (Trials motorcycles only)\u00a0 <\/span><a href=\"https:\/\/www.blm.gov\/visit\/san-ysidro-trials-area\" target=\"_blank\" rel=\"noopener\"><span style=\"font-weight: 400;\">blm.gov\/visit\/san-ysidro-trials-area<\/span><\/a><\/li>\n<\/ul>\n<p><b>Roswell Field Office<\/b><\/p>\n<ul>\n<li style=\"font-weight: 400;\" aria-level=\"1\"><span style=\"font-weight: 400;\">Haystack Mountain OHV Area<br \/><\/span><a href=\"https:\/\/www.blm.gov\/visit\/haystack-mountain-ohv-area\" target=\"_blank\" rel=\"noopener\"><span style=\"font-weight: 400;\">blm.gov\/visit\/haystack-mountain-ohv-area<\/span><\/a><\/li>\n<li style=\"font-weight: 400;\" aria-level=\"1\"><span style=\"font-weight: 400;\">Mescalero Sands North Dune OHV Area\u00a0 <\/span><a href=\"https:\/\/www.blm.gov\/visit\/mescalero-sands-north-dune-ohv-area\" target=\"_blank\" rel=\"noopener\"><span style=\"font-weight: 400;\">blm.gov\/visit\/mescalero-sands-north-dune-ohv-area<\/span><\/a><\/li>\n<\/ul>\n<p><b>Socorro Field Office<\/b><\/p>\n<ul>\n<li style=\"font-weight: 400;\" aria-level=\"1\"><span style=\"font-weight: 400;\">Johnson (Gordy\u2019s) Hill<br \/><\/span><a href=\"https:\/\/www.blm.gov\/visit\/johnson-gordys-hill-ohv-area\" target=\"_blank\" rel=\"noopener\"><span style=\"font-weight: 400;\">blm.gov\/visit\/johnson-gordys-hill-ohv-area<\/span><\/a><\/li>\n<\/ul>\n<p><b>Taos Field Office<\/b><\/p>\n<ul>\n<li><span style=\"font-weight: 400;\">Sombrillo\/Arroyo Seco<\/span><\/li>\n<li><span style=\"font-weight: 400;\">Buckman\/West Santa Fe<\/span><\/li>\n<li><span style=\"font-weight: 400;\">El Palacio\/La Puebla<\/span><\/li>\n<\/ul>\n<p>[\/et_pb_text][\/et_pb_column][\/et_pb_row][\/et_pb_section][et_pb_section fb_built=&#8221;1&#8243; _builder_version=&#8221;4.27.0&#8243; _module_preset=&#8221;default&#8221; background_color=&#8221;#f7f7f7&#8243; global_colors_info=&#8221;{}&#8221;][et_pb_row _builder_version=&#8221;4.27.0&#8243; _module_preset=&#8221;default&#8221; global_colors_info=&#8221;{}&#8221;][et_pb_column type=&#8221;4_4&#8243; _builder_version=&#8221;4.27.0&#8243; _module_preset=&#8221;default&#8221; global_colors_info=&#8221;{}&#8221;][et_pb_text _builder_version=&#8221;4.27.2&#8243; _module_preset=&#8221;default&#8221; global_colors_info=&#8221;{}&#8221;]<\/p>\n<h3 style=\"text-align: center;\">Informaci\u00f3n Sobre Se\u00f1alizaci\u00f3n<\/h3>\n<p>[\/et_pb_text][\/et_pb_column][\/et_pb_row][et_pb_row column_structure=&#8221;1_2,1_2&#8243; _builder_version=&#8221;4.27.0&#8243; _module_preset=&#8221;default&#8221; global_colors_info=&#8221;{}&#8221;][et_pb_column type=&#8221;1_2&#8243; _builder_version=&#8221;4.27.0&#8243; _module_preset=&#8221;default&#8221; global_colors_info=&#8221;{}&#8221;][et_pb_text _builder_version=&#8221;4.27.2&#8243; _module_preset=&#8221;default&#8221; global_colors_info=&#8221;{}&#8221;]<\/p>\n<p><strong>Montando de Manera Responsable y en Senderos Designados<\/strong><\/p>\n<p>Inf\u00f3rmese antes de salir. Contacte al Servicio Forestal de los EE. UU., BLM u otras agencias de manejo de tierras para encontrar rutas abiertas al uso de OHV. Es su responsabilidad obtener permiso para viajar a trav\u00e9s de tierras privadas.<\/p>\n<p>[\/et_pb_text][\/et_pb_column][et_pb_column type=&#8221;1_2&#8243; _builder_version=&#8221;4.27.0&#8243; _module_preset=&#8221;default&#8221; global_colors_info=&#8221;{}&#8221;][et_pb_image src=&#8221;http:\/\/ridenm.dgf.nm.gov\/es\/wp-content\/uploads\/sites\/3\/2024\/08\/Trail-Restrictions.jpg&#8221; title_text=&#8221;Trail-Restrictions&#8221; _builder_version=&#8221;4.27.0&#8243; _module_preset=&#8221;default&#8221; border_radii=&#8221;on|12px|12px|12px|12px&#8221; box_shadow_style=&#8221;preset1&#8243; global_colors_info=&#8221;{}&#8221;][\/et_pb_image][\/et_pb_column][\/et_pb_row][\/et_pb_section][et_pb_section fb_built=&#8221;1&#8243; _builder_version=&#8221;4.27.0&#8243; _module_preset=&#8221;default&#8221; global_colors_info=&#8221;{}&#8221;][et_pb_row _builder_version=&#8221;4.27.0&#8243; _module_preset=&#8221;default&#8221; global_colors_info=&#8221;{}&#8221;][et_pb_column type=&#8221;4_4&#8243; _builder_version=&#8221;4.27.0&#8243; _module_preset=&#8221;default&#8221; global_colors_info=&#8221;{}&#8221;][et_pb_text _builder_version=&#8221;4.27.0&#8243; _module_preset=&#8221;default&#8221; global_colors_info=&#8221;{}&#8221;]<\/p>\n<h3>Enlaces importantes<\/h3>\n<p>[\/et_pb_text][\/et_pb_column][\/et_pb_row][et_pb_row _builder_version=&#8221;4.27.0&#8243; _module_preset=&#8221;default&#8221; global_colors_info=&#8221;{}&#8221;][et_pb_column type=&#8221;4_4&#8243; _builder_version=&#8221;4.27.0&#8243; _module_preset=&#8221;default&#8221; global_colors_info=&#8221;{}&#8221;][et_pb_text _builder_version=&#8221;4.27.2&#8243; _module_preset=&#8221;default&#8221; global_colors_info=&#8221;{}&#8221;]<\/p>\n<p><a href=\"https:\/\/www.blm.gov\/new-mexico\" target=\"_blank\" rel=\"noopener\"><span style=\"font-weight: 400;\">Bureau of Land Management (New Mexico)<\/span><\/a><\/p>\n<p><a href=\"https:\/\/www.fs.usda.gov\/main\/r3\/recreation\/travelmanagement\" target=\"_blank\" rel=\"noopener\"><span style=\"font-weight: 400;\">US Forest Service Travel Management Plan<\/span><\/a><\/p>\n<p><a href=\"http:\/\/treadlightly.org\/\" target=\"_blank\" rel=\"noopener\"><span style=\"font-weight: 400;\">Tread Lightly<\/span><span style=\"font-weight: 400;\"><\/span><\/a><\/p>\n<p>[\/et_pb_text][\/et_pb_column][\/et_pb_row][\/et_pb_section]<\/p>\n","protected":false},"excerpt":{"rendered":"<p><div class=\"et_pb_module revslider_divi revslider_divi_0\">\n\t\t\t\t\n\t\t\t\t\n\t\t\t\t\n\t\t\t\t\n\t\t\t\t\n\t\t\t\t\n\t\t\t\t<div class=\"et_pb_module_inner\">\n\t\t\t\t\t\n\t\t\t\t<p class=\"rs-p-wp-fix\"><\/p>\n\t\t\t\t<sr7-module data-alias=\"ride-1\" data-id=\"6\" id=\"SR7_6_1\" class=\"rs-ov-hidden\" data-version=\"6.7.17\">\n\t\t\t\t\t<sr7-adjuster><\/sr7-adjuster>\n\t\t\t\t\t<sr7-content>\n\t\t\t\t\t\t<sr7-slide id=\"SR7_6_1-11\" data-key=\"11\">\n\t\t\t\t\t\t\t<sr7-txt id=\"SR7_6_1-11-0\" class=\"sr7-layer\">Montar<\/sr7-txt>\n\t\t\t\t\t\t<\/sr7-slide>\n\t\t\t\t\t\t<sr7-slide id=\"SR7_6_1-12\" data-key=\"12\">\n\t\t\t\t\t\t<\/sr7-slide>\n\t\t\t\t\t<\/sr7-content>\n\t\t\t\t<\/sr7-module>\n\t\t\t\t<script>\n\t\t\t\t\tSR7.PMH ??={}; SR7.PMH[\"SR7_6_1\"] = {cn:0,state:false,fn: function() { if (_tpt!==undefined && _tpt.prepareModuleHeight !== undefined) {  _tpt.prepareModuleHeight({id:\"SR7_6_1\",el:[450,450,768,960,720],type:'standard',shdw:'0',gh:[450,450,372,283,175],gw:[1240,1240,1024,778,480],vpt:['100px'],size:{fullWidth:true, fullHeight:false},mh:'0',onh:0,onw:0,bg:{color:'{\"orig\":\"transparent\",\"type\":\"solid\",\"string\":\"transparent\"}'}});   SR7.PMH[\"SR7_6_1\"].state=true;} else if((SR7.PMH[\"SR7_6_1\"].cn++)<100)\tsetTimeout( SR7.PMH[\"SR7_6_1\"].fn,19);}};SR7.PMH[\"SR7_6_1\" ].fn();\n\t\t\t\t<\/script>\n\n\t\t\t\t<\/div>\n\t\t\t<\/div>RESPETAR LA TIERRAGran parte de Nuevo M\u00e9xico est\u00e1 designado como tierra p\u00fablica y administrada para usos m\u00faltiples. Con cientos de millas de senderos en el campo, se permite el uso de veh\u00edculos todoterreno cuando se hace de manera responsable y segura. \u00a1Las actividades recreativas nunca han sido m\u00e1s [&hellip;]<\/p>\n","protected":false},"author":1,"featured_media":0,"parent":0,"menu_order":0,"comment_status":"closed","ping_status":"closed","template":"","meta":{"_et_pb_use_builder":"on","_et_pb_old_content":"<!-- wp:divi\/placeholder \/-->","_et_gb_content_width":"","footnotes":""},"class_list":["post-19","page","type-page","status-publish","hentry"],"_links":{"self":[{"href":"https:\/\/ridenm.dgf.nm.gov\/es\/wp-json\/wp\/v2\/pages\/19","targetHints":{"allow":["GET"]}}],"collection":[{"href":"https:\/\/ridenm.dgf.nm.gov\/es\/wp-json\/wp\/v2\/pages"}],"about":[{"href":"https:\/\/ridenm.dgf.nm.gov\/es\/wp-json\/wp\/v2\/types\/page"}],"author":[{"embeddable":true,"href":"https:\/\/ridenm.dgf.nm.gov\/es\/wp-json\/wp\/v2\/users\/1"}],"replies":[{"embeddable":true,"href":"https:\/\/ridenm.dgf.nm.gov\/es\/wp-json\/wp\/v2\/comments?post=19"}],"version-history":[{"count":29,"href":"https:\/\/ridenm.dgf.nm.gov\/es\/wp-json\/wp\/v2\/pages\/19\/revisions"}],"predecessor-version":[{"id":374,"href":"https:\/\/ridenm.dgf.nm.gov\/es\/wp-json\/wp\/v2\/pages\/19\/revisions\/374"}],"wp:attachment":[{"href":"https:\/\/ridenm.dgf.nm.gov\/es\/wp-json\/wp\/v2\/media?parent=19"}],"curies":[{"name":"wp","href":"https:\/\/api.w.org\/{rel}","templated":true}]}}