{"id":11,"date":"2024-08-08T04:22:41","date_gmt":"2024-08-08T04:22:41","guid":{"rendered":"http:\/\/ridenm.dgf.nm.gov\/es\/?page_id=11"},"modified":"2024-11-04T19:13:06","modified_gmt":"2024-11-04T19:13:06","slug":"ride-new-mexico","status":"publish","type":"page","link":"https:\/\/ridenm.dgf.nm.gov\/es\/","title":{"rendered":"Ride New Mexico"},"content":{"rendered":"<p>[et_pb_section fb_built=&#8221;1&#8243; _builder_version=&#8221;4.27.0&#8243; _module_preset=&#8221;default&#8221; custom_margin=&#8221;0px||0px||false|false&#8221; custom_padding=&#8221;0px||0px||false|false&#8221; global_colors_info=&#8221;{}&#8221;][et_pb_row _builder_version=&#8221;4.27.0&#8243; _module_preset=&#8221;default&#8221; custom_margin=&#8221;0px||0px||false|false&#8221; custom_padding=&#8221;0px||0px||false|false&#8221; global_colors_info=&#8221;{}&#8221;][et_pb_column type=&#8221;4_4&#8243; _builder_version=&#8221;4.27.0&#8243; _module_preset=&#8221;default&#8221; global_colors_info=&#8221;{}&#8221;][revslider_divi revslider_divi=&#8221;%91rev_slider alias=%22slider-1%22 slidertitle=%22Landing%22%93%91\/rev_slider%93&#8243; _builder_version=&#8221;4.27.0&#8243; _module_preset=&#8221;default&#8221; global_colors_info=&#8221;{}&#8221;][\/revslider_divi][\/et_pb_column][\/et_pb_row][\/et_pb_section][et_pb_section fb_built=&#8221;1&#8243; _builder_version=&#8221;4.27.0&#8243; _module_preset=&#8221;default&#8221; global_colors_info=&#8221;{}&#8221;][et_pb_row _builder_version=&#8221;4.27.0&#8243; _module_preset=&#8221;default&#8221; animation_style=&#8221;fade&#8221; global_colors_info=&#8221;{}&#8221;][et_pb_column type=&#8221;4_4&#8243; _builder_version=&#8221;4.27.0&#8243; _module_preset=&#8221;default&#8221; global_colors_info=&#8221;{}&#8221;][et_pb_text _builder_version=&#8221;4.27.0&#8243; _module_preset=&#8221;default&#8221; global_colors_info=&#8221;{}&#8221;]<\/p>\n<h2 style=\"text-align: center;\">SEGURIDAD, LEYES Y D\u00d3NDE OPERAR OHVs<\/h2>\n<p>[\/et_pb_text][et_pb_text _builder_version=&#8221;4.27.2&#8243; _module_preset=&#8221;default&#8221; hover_enabled=&#8221;0&#8243; global_colors_info=&#8221;{}&#8221; sticky_enabled=&#8221;0&#8243;]<\/p>\n<p>Nuevo M\u00e9xico es un lugar incre\u00edble para disfrutar de su veh\u00edculo todoterreno (OHV). El Programa OHV del Departamento de Caza y Pesca de Nuevo M\u00e9xico proporciona recreaci\u00f3n para veh\u00edculos todoterreno motorizados que reconoce la importancia de los valores culturales, hist\u00f3ricos y de recursos de Nuevo M\u00e9xico y al mismo tiempo garantiza la seguridad p\u00fablica.<\/p>\n<p>Nuevo M\u00e9xico tiene requisitos para veh\u00edculos todoterreno dise\u00f1ados para proteger la seguridad de todos los usuarios de OHV y garantizar un uso responsable y culturalmente sensible de los OHV. La ley requiere que todos los usuarios de OHV se registren o adquieran un permiso para su OHV si se utiliza en terrenos p\u00fablicos.<\/p>\n<p>[\/et_pb_text][et_pb_menu menu_style=&#8221;centered&#8221; _builder_version=&#8221;4.27.0&#8243; _module_preset=&#8221;default&#8221; menu_font=&#8221;|800|||||||&#8221; menu_font_size=&#8221;20px&#8221; animation_style=&#8221;slide&#8221; animation_direction=&#8221;bottom&#8221; animation_intensity_slide=&#8221;20%&#8221; global_colors_info=&#8221;{}&#8221;][\/et_pb_menu][\/et_pb_column][\/et_pb_row][et_pb_row _builder_version=&#8221;4.27.0&#8243; _module_preset=&#8221;default&#8221; animation_style=&#8221;fade&#8221; global_colors_info=&#8221;{}&#8221;][et_pb_column type=&#8221;4_4&#8243; _builder_version=&#8221;4.27.0&#8243; _module_preset=&#8221;default&#8221; global_colors_info=&#8221;{}&#8221;][et_pb_video src=&#8221;https:\/\/vimeo.com\/996468304\/098a7e9b71&#8243; _builder_version=&#8221;4.27.0&#8243; _module_preset=&#8221;default&#8221; border_radii=&#8221;on|12px|12px|12px|12px&#8221; box_shadow_style=&#8221;preset1&#8243; global_colors_info=&#8221;{}&#8221;][\/et_pb_video][\/et_pb_column][\/et_pb_row][\/et_pb_section]<\/p>\n","protected":false},"excerpt":{"rendered":"<p><div class=\"et_pb_module revslider_divi revslider_divi_0\">\n\t\t\t\t\n\t\t\t\t\n\t\t\t\t\n\t\t\t\t\n\t\t\t\t\n\t\t\t\t\n\t\t\t\t<div class=\"et_pb_module_inner\">\n\t\t\t\t\t\n\t\t\t\t<p class=\"rs-p-wp-fix\"><\/p>\n\t\t\t\t<sr7-module data-alias=\"slider-1\" data-id=\"1\" id=\"SR7_1_1\" class=\"rs-ov-hidden\" data-version=\"6.7.17\">\n\t\t\t\t\t<sr7-adjuster><\/sr7-adjuster>\n\t\t\t\t\t<sr7-content>\n\t\t\t\t\t\t<sr7-slide id=\"SR7_1_1-1\" data-key=\"1\">\n\t\t\t\t\t\t\t<sr7-txt id=\"SR7_1_1-1-0\" class=\"sr7-layer\">Ride New Mexico<\/sr7-txt>\n\t\t\t\t\t\t<\/sr7-slide>\n\t\t\t\t\t\t<sr7-slide id=\"SR7_1_1-2\" data-key=\"2\">\n\t\t\t\t\t\t<\/sr7-slide>\n\t\t\t\t\t<\/sr7-content>\n\t\t\t\t<\/sr7-module>\n\t\t\t\t<script>\n\t\t\t\t\tSR7.PMH ??={}; SR7.PMH[\"SR7_1_1\"] = {cn:0,state:false,fn: function() { if (_tpt!==undefined && _tpt.prepareModuleHeight !== undefined) {  _tpt.prepareModuleHeight({id:\"SR7_1_1\",el:[450,450,768,960,720],type:'standard',shdw:'0',gh:[450,450,372,283,175],gw:[1240,1240,1024,778,480],vpt:['100px'],size:{fullWidth:true, fullHeight:false},mh:'0',onh:0,onw:0,bg:{color:'{\"orig\":\"transparent\",\"type\":\"solid\",\"string\":\"transparent\"}'}});   SR7.PMH[\"SR7_1_1\"].state=true;} else if((SR7.PMH[\"SR7_1_1\"].cn++)<100)\tsetTimeout( SR7.PMH[\"SR7_1_1\"].fn,19);}};SR7.PMH[\"SR7_1_1\" ].fn();\n\t\t\t\t<\/script>\n\n\t\t\t\t<\/div>\n\t\t\t<\/div>SEGURIDAD, LEYES Y D\u00d3NDE OPERAR OHVsNuevo M\u00e9xico es un lugar incre\u00edble para disfrutar de su veh\u00edculo todoterreno (OHV). El Programa OHV del Departamento de Caza y Pesca de Nuevo M\u00e9xico proporciona recreaci\u00f3n para veh\u00edculos todoterreno motorizados que reconoce la importancia de los valores culturales, hist\u00f3ricos y de recursos de [&hellip;]<\/p>\n","protected":false},"author":1,"featured_media":0,"parent":0,"menu_order":0,"comment_status":"closed","ping_status":"closed","template":"","meta":{"_et_pb_use_builder":"on","_et_pb_old_content":"","_et_gb_content_width":"","footnotes":""},"class_list":["post-11","page","type-page","status-publish","hentry"],"_links":{"self":[{"href":"https:\/\/ridenm.dgf.nm.gov\/es\/wp-json\/wp\/v2\/pages\/11","targetHints":{"allow":["GET"]}}],"collection":[{"href":"https:\/\/ridenm.dgf.nm.gov\/es\/wp-json\/wp\/v2\/pages"}],"about":[{"href":"https:\/\/ridenm.dgf.nm.gov\/es\/wp-json\/wp\/v2\/types\/page"}],"author":[{"embeddable":true,"href":"https:\/\/ridenm.dgf.nm.gov\/es\/wp-json\/wp\/v2\/users\/1"}],"replies":[{"embeddable":true,"href":"https:\/\/ridenm.dgf.nm.gov\/es\/wp-json\/wp\/v2\/comments?post=11"}],"version-history":[{"count":16,"href":"https:\/\/ridenm.dgf.nm.gov\/es\/wp-json\/wp\/v2\/pages\/11\/revisions"}],"predecessor-version":[{"id":327,"href":"https:\/\/ridenm.dgf.nm.gov\/es\/wp-json\/wp\/v2\/pages\/11\/revisions\/327"}],"wp:attachment":[{"href":"https:\/\/ridenm.dgf.nm.gov\/es\/wp-json\/wp\/v2\/media?parent=11"}],"curies":[{"name":"wp","href":"https:\/\/api.w.org\/{rel}","templated":true}]}}